{"id":2,"date":"2016-05-10T03:48:21","date_gmt":"2016-05-10T03:48:21","guid":{"rendered":"http:\/\/senioren-vattenfall-hamburg-entwicklung.de\/?page_id=2"},"modified":"2024-10-31T15:34:02","modified_gmt":"2024-10-31T15:34:02","slug":"sample-page","status":"publish","type":"page","link":"https:\/\/www.senioren-hamburger-energieunternehmen.de\/","title":{"rendered":"&#8230; bilden das Netzwerk des"},"content":{"rendered":"<div id=\"pl-2\"  class=\"panel-layout\" ><div id=\"pg-2-0\"  class=\"panel-grid panel-no-style\" ><div id=\"pgc-2-0-0\"  class=\"panel-grid-cell\" ><div id=\"panel-2-0-0-0\" class=\"so-panel widget widget_sow-editor panel-first-child panel-last-child\" data-index=\"0\" ><div\n\t\t\t\n\t\t\tclass=\"so-widget-sow-editor so-widget-sow-editor-base\"\n\t\t\t\n\t\t>\n<div class=\"siteorigin-widget-tinymce textwidget\">\n\t<h5 align=\"justify\">Der Verein<\/h5>\n<h4 style=\"text-align: center;\">Senioren Hamburger Energieunternehmen e.V.<\/h4>\n<h5 style=\"text-align: center;\" align=\"justify\">\u00a0entstand durch die \u00c4nderung des bisherigen Vereinsnamens \"Seniorenverein Vattenfall Europe Region Hamburg e.V.\"<\/h5>\n<p>&nbsp;<\/p>\n<p style=\"text-align: center;\"><span style=\"color: #3366ff;\">Falls Sie die Webseite \"senioren-vattenfall-hamburg.de\" aufgerufen haben, wurden sie automatisch auf die jetzt aktuelle Seite mit dem neuen Vereinsnamen weitergeleitet.<\/span><\/p>\n<p>&nbsp;<\/p>\n<p style=\"text-align: center;\">Der Verein will allen ehemaligen Mitarbeiterinnen und Mitarbeitern der st\u00e4dtischen Energieversorgungsunternehmen in Hamburg und Umgebung, sowie des Grundversorgers f\u00fcr Elektrizit\u00e4t in Hamburg mit seinen gesellschaftsrechtlich verbundenen Firmen die M\u00f6glichkeit er\u00f6ffnen, ihre Kontakte untereinander und mit den genannten Unternehmen weiterhin zu pflegen. Das gilt auch f\u00fcr die noch aktiven Mitarbeiterinnen und Mitarbeiter der Unternehmen, die vor dem Ausscheiden aus dem aktiven Berufsleben stehen.<\/p>\n<p style=\"text-align: center;\" align=\"justify\">Der Verein versteht sich als Bindeglied zwischen seinen Mitgliedern und den Unternehmen.<\/p>\n<p style=\"text-align: center;\">Der \"Seniorenverein Vattenfall Europe Region Hamburg\"\u00a0 wurde im August 2005 gegr\u00fcndet.<br \/>\nDie Namens\u00e4nderung wurde im April 2024 auf der ordentlichen Mitgliederversammlung beschlossen<br \/>\nund mit der Eintragung im Vereinsregister im September wirksam.<\/p>\n<\/div>\n<\/div><\/div><\/div><\/div><\/div>","protected":false},"excerpt":{"rendered":"<p>Der Verein Senioren Hamburger Energieunternehmen e.V. \u00a0entstand durch die \u00c4nderung des bisherigen Vereinsnamens &#8222;Seniorenverein Vattenfall Europe Region Hamburg e.V.&#8220; &nbsp; Falls Sie die Webseite &#8222;senioren-vattenfall-hamburg.de&#8220; aufgerufen haben, wurden sie automatisch auf die jetzt aktuelle Seite mit dem neuen Vereinsnamen weitergeleitet. &hellip; <a href=\"https:\/\/www.senioren-hamburger-energieunternehmen.de\/\">Weiter<\/a><\/p>\n","protected":false},"author":1,"featured_media":0,"parent":0,"menu_order":0,"comment_status":"closed","ping_status":"open","template":"page-fullwidth.php","meta":{"footnotes":""},"class_list":["post-2","page","type-page","status-publish","hentry"],"_links":{"self":[{"href":"https:\/\/www.senioren-hamburger-energieunternehmen.de\/index.php?rest_route=\/wp\/v2\/pages\/2","targetHints":{"allow":["GET"]}}],"collection":[{"href":"https:\/\/www.senioren-hamburger-energieunternehmen.de\/index.php?rest_route=\/wp\/v2\/pages"}],"about":[{"href":"https:\/\/www.senioren-hamburger-energieunternehmen.de\/index.php?rest_route=\/wp\/v2\/types\/page"}],"author":[{"embeddable":true,"href":"https:\/\/www.senioren-hamburger-energieunternehmen.de\/index.php?rest_route=\/wp\/v2\/users\/1"}],"replies":[{"embeddable":true,"href":"https:\/\/www.senioren-hamburger-energieunternehmen.de\/index.php?rest_route=%2Fwp%2Fv2%2Fcomments&post=2"}],"version-history":[{"count":38,"href":"https:\/\/www.senioren-hamburger-energieunternehmen.de\/index.php?rest_route=\/wp\/v2\/pages\/2\/revisions"}],"predecessor-version":[{"id":2858,"href":"https:\/\/www.senioren-hamburger-energieunternehmen.de\/index.php?rest_route=\/wp\/v2\/pages\/2\/revisions\/2858"}],"wp:attachment":[{"href":"https:\/\/www.senioren-hamburger-energieunternehmen.de\/index.php?rest_route=%2Fwp%2Fv2%2Fmedia&parent=2"}],"curies":[{"name":"wp","href":"https:\/\/api.w.org\/{rel}","templated":true}]}}