{"id":19,"date":"2018-08-08T08:41:30","date_gmt":"2018-08-08T08:41:30","guid":{"rendered":"http:\/\/senioren-vattenfall-hamburg-entwicklung.de\/?page_id=19"},"modified":"2025-03-03T16:15:35","modified_gmt":"2025-03-03T16:15:35","slug":"impressum","status":"publish","type":"page","link":"https:\/\/www.senioren-hamburger-energieunternehmen.de\/?page_id=19","title":{"rendered":"Impressum"},"content":{"rendered":"<p><strong>Senioren Hamburger Energieunternehmen e.V.<\/strong><\/p>\n<p>Bramfelder Chaussee 130<br \/>\n22177 Hamburg<\/p>\n<p>Telefon:\u00a0 +49 40 22821255<br \/>\nE-Mail:\u00a0\u00a0\u00a0\u00a0 post@senioren-hamburger-energieunternehmen.de<br \/>\nInternet:\u00a0 senioren-hamburger-energieunternehmen.de<\/p>\n<p><strong>Vertretungsberechtigter Vorstand:<\/strong><br \/>\nBernhard Lamprecht (1. Vorsitzender)<br \/>\nMaria Claussen (2. Vorsitzende)<\/p>\n<p>Registergericht: \u00a0\u00a0\u00a0\u00a0\u00a0\u00a0\u00a0 Amtsgericht Hamburg<br \/>\nRegisternummer: \u00a0\u00a0\u00a0\u00a0 VR 18714<\/p>\n<p><strong>Haftungshinweis<\/strong>:\u00a0Trotz sorgf\u00e4ltiger inhaltlicher Kontrolle \u00fcbernehmen wir keine Haftung f\u00fcr die Inhalte externer Links. F\u00fcr den Inhalt der verlinkten Seiten sind ausschlie\u00dflich deren Betreiber verantwortlich.<\/p>\n<p><strong>Design und Umsetzung: <\/strong>Dr. Silke Richter<\/p>\n","protected":false},"excerpt":{"rendered":"<p>Senioren Hamburger Energieunternehmen e.V. Bramfelder Chaussee 130 22177 Hamburg Telefon:\u00a0 +49 40 22821255 E-Mail:\u00a0\u00a0\u00a0\u00a0 post@senioren-hamburger-energieunternehmen.de Internet:\u00a0 senioren-hamburger-energieunternehmen.de Vertretungsberechtigter Vorstand: Bernhard Lamprecht (1. Vorsitzender) Maria Claussen (2. Vorsitzende) Registergericht: \u00a0\u00a0\u00a0\u00a0\u00a0\u00a0\u00a0 Amtsgericht Hamburg Registernummer: \u00a0\u00a0\u00a0\u00a0 VR 18714 Haftungshinweis:\u00a0Trotz sorgf\u00e4ltiger inhaltlicher Kontrolle \u00fcbernehmen &hellip; <a href=\"https:\/\/www.senioren-hamburger-energieunternehmen.de\/?page_id=19\">Weiter<\/a><\/p>\n","protected":false},"author":1,"featured_media":0,"parent":0,"menu_order":0,"comment_status":"closed","ping_status":"closed","template":"page-fullwidth.php","meta":{"footnotes":""},"class_list":["post-19","page","type-page","status-publish","hentry"],"_links":{"self":[{"href":"https:\/\/www.senioren-hamburger-energieunternehmen.de\/index.php?rest_route=\/wp\/v2\/pages\/19","targetHints":{"allow":["GET"]}}],"collection":[{"href":"https:\/\/www.senioren-hamburger-energieunternehmen.de\/index.php?rest_route=\/wp\/v2\/pages"}],"about":[{"href":"https:\/\/www.senioren-hamburger-energieunternehmen.de\/index.php?rest_route=\/wp\/v2\/types\/page"}],"author":[{"embeddable":true,"href":"https:\/\/www.senioren-hamburger-energieunternehmen.de\/index.php?rest_route=\/wp\/v2\/users\/1"}],"replies":[{"embeddable":true,"href":"https:\/\/www.senioren-hamburger-energieunternehmen.de\/index.php?rest_route=%2Fwp%2Fv2%2Fcomments&post=19"}],"version-history":[{"count":15,"href":"https:\/\/www.senioren-hamburger-energieunternehmen.de\/index.php?rest_route=\/wp\/v2\/pages\/19\/revisions"}],"predecessor-version":[{"id":2907,"href":"https:\/\/www.senioren-hamburger-energieunternehmen.de\/index.php?rest_route=\/wp\/v2\/pages\/19\/revisions\/2907"}],"wp:attachment":[{"href":"https:\/\/www.senioren-hamburger-energieunternehmen.de\/index.php?rest_route=%2Fwp%2Fv2%2Fmedia&parent=19"}],"curies":[{"name":"wp","href":"https:\/\/api.w.org\/{rel}","templated":true}]}}