{"id":13,"date":"2018-08-08T08:34:26","date_gmt":"2018-08-08T08:34:26","guid":{"rendered":"http:\/\/senioren-vattenfall-hamburg-entwicklung.de\/?page_id=13"},"modified":"2026-03-17T07:14:25","modified_gmt":"2026-03-17T07:14:25","slug":"datenschutzerklaerung","status":"publish","type":"page","link":"https:\/\/www.senioren-hamburger-energieunternehmen.de\/?page_id=13","title":{"rendered":"Datenschutzerkl\u00e4rung \/ Nutzerinformationen (15.04.2024)"},"content":{"rendered":"<h4>Nutzerinformationen und Informationspflichten des Vereins &#8222;Senioren Hamburger Energieunternehmen e.V.&#8220; gem\u00e4\u00df Datenschutzgrundverordnung (DSGVO)<\/h4>\n<p>Wir freuen uns \u00fcber Ihren Besuch auf unserer Website und \u00fcber Ihr Interesse an unserem Verein. Den Schutz Ihrer Daten nehmen wir sehr ernst und m\u00f6chten, dass Sie sich beim Besuch unserer Internet-Seiten sicher und wohl f\u00fchlen. Nachfolgend finden Sie alle Informationen f\u00fcr Mitglieder, Interessenten und Lieferanten, die f\u00fcr den Datenschutz und die Benutzung unserer Internet-Seiten gelten.<\/p>\n<ul>\n<li>Informationen zum Datenschutz<\/li>\n<li>Informationen zur Nutzung der Internet-Seiten<\/li>\n<\/ul>\n<hr \/>\n<h4>Informationen zum Datenschutz<\/h4>\n<p><strong>Informationen zum Datenverarbeiter<\/strong><\/p>\n<p><em> Verantwortlicher f\u00fcr die Datenverarbeitung:<\/em><\/p>\n<p><strong>Senioren Hamburger Energieunternehmen e.V.<\/strong><br \/>\nVorstand<br \/>\nBramfelder Chaussee 130<br \/>\n22177 Hamburg<br \/>\npost@senioren-hamburger-energieunternehmen.de<\/p>\n<p><em>Kontaktdaten des Datenschutzbeauftragten:<\/em><\/p>\n<p>Senioren Hamburger Energieunternehmen e.V.<br \/>\nDatenschutzbeauftragter<br \/>\nE-Mail: post@senioren-hamburger-energieunternehmen.de<\/p>\n<hr \/>\n<h4>Verarbeitungsrahmen<\/h4>\n<p>Datenkategorien Verarbeitet werden Daten von Mitgliedern, Interessenten und Lieferanten, sofern diese zur Erf\u00fcllung der unten genannten Zwecke erforderlich sind. Das umfasst folgende Kategorien personenbezogener Daten: Stammdaten (z.B. Name, Vorname, Anschrift), Verwaltungsdaten (z.B. Mitgliedsnummer), Abrechnungsdaten und Zahlungsinformationen sowie vergleichbare Daten. Auf Anforderung teilen wir Ihnen gerne mit, in welchem Verfahren m\u00f6glicherweise Ihre Daten gespeichert sind und um welche Daten es sich handelt.<\/p>\n<p>Die Verantwortung f\u00fcr Fotos liegt bei deren Eigent\u00fcmern. Fotos werden auf unseren Internetseiten ausschlie\u00dflich zur Veranschaulichung unseres Vereinslebens ver\u00f6ffentlicht. Sollten Sie sich durch die Ver\u00f6ffentlichung dieser Bilder in Ihren Pers\u00f6nlichkeitsrechten verletzt f\u00fchlen, wenden Sie sich bitte an uns, damit wir die L\u00f6schung der beanstandeten Fotos unverz\u00fcglich veranlassen k\u00f6nnen.<\/p>\n<p><em>Zwecke und Rechtsgrundlagen der Datenverarbeitung<\/em><\/p>\n<p>In der Regel k\u00f6nnen Sie die Seiten des Seniorenverein Vattenfall Europe Region Hamburg e.V. besuchen, ohne dass wir personenbezogene Daten von Ihnen ben\u00f6tigen. Wir speichern lediglich Zugriffsdaten ohne Personenbezug. Wir verarbeiten personenbezogene Daten im Einklang mit den Bestimmungen der EU-Datenschutzgrundverordnung (DSGVO) und dem Bundesdatenschutzgesetz (BDSG)<\/p>\n<ol>\n<li><em>zur Erf\u00fcllung vertraglicher Pflichten (Art. 6 Abs.1 lit. b DSGVO)<\/em><br \/>\nDie Datenverarbeitung ist f\u00fcr die Durchf\u00fchrung und Abrechnung der Mitgliedschaft und unserer Veranstaltungen erforderlich. Die Datenerhebung erfolgt dabei im Rahmen und w\u00e4hrend der Dauer der Mitgliedschaft. Erhoben werden unter anderem pers\u00f6nliche Angaben wie Name, Anschrift, E-Mail-Adresse, Mitgliedsdaten (wie Mitgliedsnummer) und Zahlungsinformationen (wie Bankdaten, Abrechnungsdaten).<\/li>\n<li><em>aufgrund einer Einwilligung (Art. 6 Abs.1 lit. a DSGVO)<\/em><br \/>\nSoweit wir von Ihnen eine Einwilligung zur Verarbeitung von personenbezogenen Daten f\u00fcr bestimmte Zwecke eingeholt haben, ist die Verarbeitung auf dieser Basis rechtm\u00e4\u00dfig. Wir nutzen Ihre Kontaktinformationen f\u00fcr die Angebote unserer Veranstaltungen sowie die Newsletter Verteilung.<br \/>\nAuch SEPA-Lastschriftmandate sind Einwilligungen, welche wir im Rahmen des vereinbarten Vertrages nutzen.<br \/>\nEine erteilte Einwilligung kann jederzeit ohne Angabe von Gr\u00fcnden mit Wirkung f\u00fcr die Zukunft widerrufen werden.Diese Datennutzung erfolgt in zul\u00e4ssiger Weise unter Abw\u00e4gung der beiderseitigen berechtigten Interessen. Das berechtigte Interesse unsererseits liegt darin, Ihnen durch diese Verwendung unsere Angebote unterbreiten zu k\u00f6nnen. Zur Wahrung Ihrer berechtigten Interessen verarbeiten wir Ihre Daten nur streng zweckgebunden und achten in angemessener Form darauf, die Nutzung der Daten auf ein Mindestma\u00df zu beschr\u00e4nken.<\/li>\n<\/ol>\n<p><em>Weitergabe der Daten<\/em><\/p>\n<p>Es werden teilweise interne und externe Auftragsverarbeiter (beispielsweise Banken) unter Einhaltung der Anforderungen des Art. 28 DSGVO zum Beitragseinzug mit der Verarbeitung der Daten beauftragt.<\/p>\n<p>Eine Weitergabe der Daten erfolgt aufgrund rechtlicher Verpflichtungen an \u00f6ffentliche Stellen bei Vorliegen vorrangiger Rechtsvorschriften.<\/p>\n<p><em>Speicherdauer von personenbezogenen Daten<\/em><\/p>\n<p>Wir verarbeiten Ihre personenbezogenen Daten, solange dies f\u00fcr die Erf\u00fcllung unserer und gesetzlicher Pflichten und die oben genannten Verarbeitungszwecke erforderlich ist. Der Gesetzgeber hat vielf\u00e4ltige Aufbewahrungspflichten und -fristen erlassen. Dabei handelt es sich unter anderem um Aufbewahrungspflichten aus dem Handelsgesetzbuch (HGB) und der Abgabenordnung (AO). Nach Ablauf dieser Fristen werden die entsprechenden Daten routinem\u00e4\u00dfig gel\u00f6scht. Sofern Daten hiervon nicht ber\u00fchrt sind, werden sie gel\u00f6scht, wenn die genannten Zwecke wegfallen.<\/p>\n<p><em>Verpflichtung zur Bereitstellung der Daten<\/em><\/p>\n<p>Wir erfragen und verarbeiten von Ihnen nur personenbezogene Daten, die wir zur Bearbeitung und Erf\u00fcllung der oben genannten Zwecke und Pflichten unbedingt brauchen. Ohne diese Daten k\u00f6nnen keine Dienstleistungen angeboten werden.<\/p>\n<p><em>Automatisierte Entscheidungsfindung<\/em><\/p>\n<p>Zur Begr\u00fcndung und Durchf\u00fchrung der beschriebenen Verarbeitungsprozesse findet keine automatisierte Entscheidungsfindung einschlie\u00dflich Profiling statt.<\/p>\n<h4>Information \u00fcber Betroffenenrechte<\/h4>\n<p><em> Betroffenenrechte<\/em><\/p>\n<p>Wenn Sie Fragen hinsichtlich der Verarbeitung Ihrer pers\u00f6nlichen Daten haben, k\u00f6nnen Sie sich direkt an unseren Beauftragten f\u00fcr den Datenschutz wenden, der mit auch im Falle von Auskunftsersuchen, Antr\u00e4gen oder Beschwerden zur Verf\u00fcgung steht. Alle Anfragen zu den \u00fcber Sie gespeicherten Daten gem\u00e4\u00df Art. 15 DSGVO richten Sie an:<\/p>\n<p>Senioren Hamburger Energieunternehmen e.V.<br \/>\nDatenschutzbeauftragter<br \/>\nBramfelder Chaussee 130<br \/>\n22177 Hamburg<br \/>\nE-Mail: post@senioren-hamburger-energieunternehmen.de<\/p>\n<p>Der Datenschutzbeauftragte ist auch Ihr Ansprechpartner f\u00fcr die Wahrnehmung Ihrer Rechte auf Berichtigung im Fall von Fehlern bei der Speicherung und Verarbeitung Ihrer Daten (Art. 16 DSGVO), L\u00f6schung Ihrer Daten beispielsweise bei Wegfall des Zweckes oder bei Widerruf einer erteilten Einwilligung (Art. 17 und 18 DSGVO), Einschr\u00e4nkung der Verarbeitung beispielsweise aufgrund des Bestreitens der Richtigkeit personenbezogener Daten oder f\u00fcr die Wahrung m\u00f6glicher bestehender Anspr\u00fcche (Art. 18 DSGVO), Widerspruch gegen die Verarbeitung aufgrund von berechtigtem Interesse (Art. 21 DSGVO) und Datenportabilit\u00e4t \u00fcber die von Ihnen zur Verf\u00fcgung gestellten Daten in einem maschinenlesbaren Format (Art. 20 DSGVO).<\/p>\n<p><em>Widerruf der Einwilligung<\/em><\/p>\n<p>Wenn Ihre Datenverarbeitung auf der Rechtsgrundlage der Einwilligung beruht, haben Sie das Recht diese Einwilligung jederzeit f\u00fcr die Zukunft zu widerrufen. Eine weitere Vereinsmitgliedschaft ist dann nicht mehr m\u00f6glich.<\/p>\n<p><em>Widerspruch nach Art. 21 DSGVO<\/em><\/p>\n<p>Erfolgt die Datenverarbeitung auf Basis von Interessenabw\u00e4gung nach Art. 6 Abs. 1 lit f DSGVO, haben Sie aufgrund von Gr\u00fcnden, die sich aus Ihrer besonderen Situation ergeben, jederzeit das Recht, gegen diese Verarbeitung Widerspruch einzulegen. Eine weitere Vereinsmitgliedschaft ist dann nicht mehr m\u00f6glich.<\/p>\n<p>Ihren Widerspruch senden Sie bitte an: post@senioren-vattenfall-hamburg.de<\/p>\n<p><em>Beschwerderecht<\/em><\/p>\n<p>Dar\u00fcber hinaus besteht ein Beschwerderecht bei einer zust\u00e4ndigen Datenschutzaufsichtsbeh\u00f6rde (Art. 77 DSGVO). Die f\u00fcr die Seniorenverein Vattenfall Europe Region Hamburg e.V. zust\u00e4ndige Datenschutzaufsichtsbeh\u00f6rde erreichen Sie unter:<\/p>\n<p>Der Hamburgische Beauftragte f\u00fcr Datenschutz und Informationsfreiheit<br \/>\nKurt-Schumacher-Allee 4<br \/>\n20097 Hamburg<\/p>\n<h4>Informationen zur Nutzung der Internet-Seiten<\/h4>\n<p><em>Erhebung und Verarbeitung pers\u00f6nlicher Daten<\/em><\/p>\n<p>In der Regel k\u00f6nnen Sie die Seiten des Seniorenverein Vattenfall Europe Region Hamburg e.V. besuchen, ohne dass wir personenbezogene Daten von Ihnen ben\u00f6tigen.<\/p>\n<p>Wir speichern lediglich Zugriffsdaten ohne Personenbezug in einer Protokolldatei (zum Beispiel Browsertyp, verwendetes Betriebssystem oder Zugriffszeit und Verweildauer auf den Seiten). Jedes Ger\u00e4t ben\u00f6tigt zur \u00dcbertragung von Daten im Internet eine eindeutige IP-Adresse. Diese speichern wir tempor\u00e4r aus Gr\u00fcnden der Datensicherheit, um die Stabilit\u00e4t und die Betriebssicherheit unseres Systems zu gew\u00e4hrleisten. Dabei findet keine personenbezogene Auswertung statt. Eine statistische Auswertung anonymisierter Datens\u00e4tze bleibt vorbehalten.<\/p>\n<p>Diese Daten werden lediglich f\u00fcr den technischen Betrieb der Internetseiten sowie f\u00fcr statistische Zwecke zur Verbesserung des Angebots ausgewertet und anschlie\u00dfend gel\u00f6scht.<\/p>\n<p>Personenbezogene Daten werden nur dann erfragt und verarbeitet, wenn sie f\u00fcr die Service Angebote des Seniorenverein Vattenfall Europe Region Hamburg e.V. zur Bearbeitung Ihres Wunsches unbedingt gebraucht werden.<\/p>\n<p><em>Nutzung und Weitergabe personenbezogener Daten und Zweckbindung<\/em><\/p>\n<p>Alle Daten werden nach den jeweils geltenden Vorschriften zum Schutz personenbezogener Daten verarbeitet. Das geschieht nur zum Zwecke der Mitgliedsbetreuung.<\/p>\n<p><em>Datensicherheit<\/em><\/p>\n<p>Wir sichern unsere Website und sonstige Systeme regelm\u00e4\u00dfig durch technische und organisatorische Ma\u00dfnahmen vor Zugriff, Verlust, Zerst\u00f6rung oder Ver\u00e4nderung Ihrer Daten durch unbefugte Personen.<\/p>\n<p><em>Melden von Sicherheitsl\u00fccken durch \u201eResponsible Disclosure\u201c<\/em><\/p>\n<p>Seniorenverein Vattenfall Europe Region Hamburg e.V. legt h\u00f6chsten Wert auf die Sicherheit seiner Informations- und Kommunikationssysteme. Grunds\u00e4tzlich k\u00f6nnen Sicherheitsl\u00fccken nicht zu 100 % ausgeschlossen werden. Die Ausnutzung oder der Missbrauch dieser Sicherheitsl\u00fccken ist illegal.<\/p>\n<p>Um zu verhindern, dass identifizierte Sicherheitsl\u00fccken durch Angreifer ausgenutzt werden k\u00f6nnen, empfiehlt auch das Bundesamt f\u00fcr Sicherheit in der Informationstechnik (BSI) die Anwendung des \u201eResponsible Disclosure\u201c (Verantwortungsvolle Offenlegung) Prinzips. Die Anwendung dieses Prinzips garantiert eine koordinierte und auf Vertrauen basierende Zusammenarbeit zwischen dem Entdecker der Sicherheitsl\u00fccke und dem betroffenen Hersteller oder Dienstleister.<\/p>\n<p>Weitere Informationen und\/oder eine Sicherheitsl\u00fccke melden an:<br \/>\npost@senioren-hamburger-energieunternehmen.de<\/p>\n","protected":false},"excerpt":{"rendered":"<p>Nutzerinformationen und Informationspflichten des Vereins &#8222;Senioren Hamburger Energieunternehmen e.V.&#8220; gem\u00e4\u00df Datenschutzgrundverordnung (DSGVO) Wir freuen uns \u00fcber Ihren Besuch auf unserer Website und \u00fcber Ihr Interesse an unserem Verein. Den Schutz Ihrer Daten nehmen wir sehr ernst und m\u00f6chten, dass Sie &hellip; <a href=\"https:\/\/www.senioren-hamburger-energieunternehmen.de\/?page_id=13\">Weiter<\/a><\/p>\n","protected":false},"author":1,"featured_media":0,"parent":0,"menu_order":0,"comment_status":"closed","ping_status":"closed","template":"page-fullwidth.php","meta":{"footnotes":""},"class_list":["post-13","page","type-page","status-publish","hentry"],"_links":{"self":[{"href":"https:\/\/www.senioren-hamburger-energieunternehmen.de\/index.php?rest_route=\/wp\/v2\/pages\/13","targetHints":{"allow":["GET"]}}],"collection":[{"href":"https:\/\/www.senioren-hamburger-energieunternehmen.de\/index.php?rest_route=\/wp\/v2\/pages"}],"about":[{"href":"https:\/\/www.senioren-hamburger-energieunternehmen.de\/index.php?rest_route=\/wp\/v2\/types\/page"}],"author":[{"embeddable":true,"href":"https:\/\/www.senioren-hamburger-energieunternehmen.de\/index.php?rest_route=\/wp\/v2\/users\/1"}],"replies":[{"embeddable":true,"href":"https:\/\/www.senioren-hamburger-energieunternehmen.de\/index.php?rest_route=%2Fwp%2Fv2%2Fcomments&post=13"}],"version-history":[{"count":16,"href":"https:\/\/www.senioren-hamburger-energieunternehmen.de\/index.php?rest_route=\/wp\/v2\/pages\/13\/revisions"}],"predecessor-version":[{"id":3141,"href":"https:\/\/www.senioren-hamburger-energieunternehmen.de\/index.php?rest_route=\/wp\/v2\/pages\/13\/revisions\/3141"}],"wp:attachment":[{"href":"https:\/\/www.senioren-hamburger-energieunternehmen.de\/index.php?rest_route=%2Fwp%2Fv2%2Fmedia&parent=13"}],"curies":[{"name":"wp","href":"https:\/\/api.w.org\/{rel}","templated":true}]}}