{"id":115,"date":"2018-08-09T10:01:02","date_gmt":"2018-08-09T10:01:02","guid":{"rendered":"http:\/\/senioren-vattenfall-hamburg-entwicklung.de\/?page_id=115"},"modified":"2025-06-29T13:10:12","modified_gmt":"2025-06-29T13:10:12","slug":"mitgliedschaft","status":"publish","type":"page","link":"https:\/\/www.senioren-hamburger-energieunternehmen.de\/?page_id=115","title":{"rendered":"Mitglied werden"},"content":{"rendered":"<div id=\"pl-115\"  class=\"panel-layout\" ><div id=\"pg-115-0\"  class=\"panel-grid panel-no-style\" ><div id=\"pgc-115-0-0\"  class=\"panel-grid-cell\" ><div id=\"panel-115-0-0-0\" class=\"so-panel widget widget_sow-image panel-first-child panel-last-child\" data-index=\"0\" ><div\n\t\t\t\n\t\t\tclass=\"so-widget-sow-image so-widget-sow-image-default-8b5b6f678277-115\"\n\t\t\t\n\t\t>\n<div class=\"sow-image-container\">\n\t\t<img \n\tsrc=\"https:\/\/www.senioren-hamburger-energieunternehmen.de\/wp-content\/uploads\/2018\/09\/2018-09-07-Mitglied-eingef\u00e4rbt.jpg\" width=\"1900\" height=\"300\" srcset=\"https:\/\/www.senioren-hamburger-energieunternehmen.de\/wp-content\/uploads\/2018\/09\/2018-09-07-Mitglied-eingef\u00e4rbt.jpg 1900w, https:\/\/www.senioren-hamburger-energieunternehmen.de\/wp-content\/uploads\/2018\/09\/2018-09-07-Mitglied-eingef\u00e4rbt-300x47.jpg 300w, https:\/\/www.senioren-hamburger-energieunternehmen.de\/wp-content\/uploads\/2018\/09\/2018-09-07-Mitglied-eingef\u00e4rbt-768x121.jpg 768w, https:\/\/www.senioren-hamburger-energieunternehmen.de\/wp-content\/uploads\/2018\/09\/2018-09-07-Mitglied-eingef\u00e4rbt-1024x162.jpg 1024w\" sizes=\"(max-width: 1900px) 100vw, 1900px\" title=\"\u00a9 pixabay.com\" alt=\"\" \t\tclass=\"so-widget-image\"\/>\n\t<\/div>\n\n<\/div><\/div><\/div><\/div><div id=\"pg-115-1\"  class=\"panel-grid panel-no-style\" ><div id=\"pgc-115-1-0\"  class=\"panel-grid-cell\" ><div id=\"panel-115-1-0-0\" class=\"so-panel widget widget_sow-editor panel-first-child panel-last-child\" data-index=\"1\" ><div\n\t\t\t\n\t\t\tclass=\"so-widget-sow-editor so-widget-sow-editor-base\"\n\t\t\t\n\t\t>\n<div class=\"siteorigin-widget-tinymce textwidget\">\n\t<p align=\"justify\">Ordentliches, f\u00f6rderndes oder Ehrenmitglied des Vereins kann jede nat\u00fcrliche Person sein, die sich mit den Zwecken des Vereins identifiziert.<\/p>\n<p align=\"justify\">Er\/sie muss Mitarbeiterin oder Mitarbeiter in einem st\u00e4dtischen oder ehemals st\u00e4dtischen Energieversorgungsunternehmen in Hamburg und Umgebung gewesen sein oder kurz vor dem Ausscheiden aus dem Berufsleben stehen. Mitglieder k\u00f6nnen auch Witwen oder Witwer verstorbener Vereinsmitglieder werden.<\/p>\n<p align=\"justify\">Die Aufnahme erfolgt aufgrund eines schriftlichen Antrages, mit dem sich der Antragsteller zur Einhaltung der Satzung verpflichtet. \u00dcber die Aufnahme von ordentlichen, f\u00f6rdernden oder Ehrenmitgliedern entscheidet der Vorstand im Einzelfall. Ein Anspruch auf Aufnahme besteht nicht.<\/p>\n<p align=\"justify\">Weitere Informationen stehen Ihnen hier zur Verf\u00fcgung: <a href=\"https:\/\/senioren-hamburger-energieunternehmen.de\/wp-content\/uploads\/2024\/05\/Beitragsordnung-2024-04-15.docx\" target=\"_blank\" rel=\"noopener noreferrer\"><strong>Aktuelle Beitragsordnung<\/strong><\/a>, <strong><a href=\"https:\/\/senioren-hamburger-energieunternehmen.de\/?page_id=60\">\u00dcber uns<\/a><\/strong><\/p>\n<p align=\"justify\">Der j\u00e4hrliche Mitgliedsbeitrag betr\u00e4gt 10 \u20ac.<\/p>\n<p align=\"justify\"><strong>Wie werde ich Mitglied?<\/strong><\/p>\n<p align=\"justify\">F\u00fcr das Antragsformular ben\u00f6tigen sie einen Drucker und optional einen Scanner.<br \/>\nSollten sie keine M\u00f6glichkeit zum Drucken haben, fordern sie bitte ein Beitrittsformular \u00fcber unsere\u00a0<a href=\"https:\/\/www.senioren-hamburger-energieunternehmen.de\/?page_id=217\"><strong>Kontaktseite<\/strong><\/a> an.<\/p>\n<p align=\"justify\">Die Antragstellung erfolgt in zwei Schritten:<\/p>\n<ol>\n<li><strong>Ausf\u00fcllen und unterschreiben des Antragformulars.<\/strong><br \/>\nHierf\u00fcr gibt es\u00a0 zwei M\u00f6glichkeiten:<\/p>\n<ul>\n<li>M\u00f6glichkeit 1:<br \/>\nLaden sie das <strong><a href=\"https:\/\/www.senioren-hamburger-energieunternehmen.de\/wp-content\/uploads\/2025\/06\/2025-06-30-Aufnahmeantrag_Internet-original-geschuetzt.docx\">Antragsformular<\/a><\/strong> herunter, aktivieren sie die Bearbeitung und f\u00fcllen das Formular an ihrem Rechner aus. Drucken sie das ausgef\u00fcllte Formular anschlie\u00dfend aus, um es zu unterschreiben.<\/li>\n<li>M\u00f6glichkeit 2:<br \/>\nDrucken Sie das leere <strong><a href=\"https:\/\/www.senioren-hamburger-energieunternehmen.de\/wp-content\/uploads\/2025\/06\/2025-06-30-Aufnahmeantrag_Internet-original-geschuetzt.docx\">Antragsformular<\/a><\/strong>\u00a0aus und f\u00fcllen es manuell aus. Auch hier ist zwingend eine Unterschrift erforderlich.<\/li>\n<\/ul>\n<\/li>\n<li><strong>Ausgef\u00fclltes, unterschriebenes Antragsformular an den Verein senden.<\/strong><br \/>\nAuch hier gibt es zwei M\u00f6glichkeiten:<\/p>\n<ul>\n<li>M\u00f6glichkeit 1:<br \/>\nScannen Sie das Formular ein und schicken die Datei als\u00a0 Email-Anhang\u00a0\u00fcber ihr privates Email Postfach an<br \/>\ninfo@senioren-hamburger-energieunternehmen.de<\/li>\n<li>M\u00f6glichkeit 2:<br \/>\nSchicken Sie den Antrag per Post an<br \/>\nSenioren Hamburger Energieunternehmen e.V.<br \/>\nBramfelder Chaussee 130<br \/>\n22177 Hamburg<\/li>\n<\/ul>\n<\/li>\n<\/ol>\n<p>&nbsp;<\/p>\n<\/div>\n<\/div><\/div><\/div><\/div><\/div>","protected":false},"excerpt":{"rendered":"<p>Ordentliches, f\u00f6rderndes oder Ehrenmitglied des Vereins kann jede nat\u00fcrliche Person sein, die sich mit den Zwecken des Vereins identifiziert. Er\/sie muss Mitarbeiterin oder Mitarbeiter in einem st\u00e4dtischen oder ehemals st\u00e4dtischen Energieversorgungsunternehmen in Hamburg und Umgebung gewesen sein oder kurz vor &hellip; <a href=\"https:\/\/www.senioren-hamburger-energieunternehmen.de\/?page_id=115\">Weiter<\/a><\/p>\n","protected":false},"author":1,"featured_media":0,"parent":0,"menu_order":0,"comment_status":"closed","ping_status":"closed","template":"page-fullwidth.php","meta":{"footnotes":""},"class_list":["post-115","page","type-page","status-publish","hentry"],"_links":{"self":[{"href":"https:\/\/www.senioren-hamburger-energieunternehmen.de\/index.php?rest_route=\/wp\/v2\/pages\/115","targetHints":{"allow":["GET"]}}],"collection":[{"href":"https:\/\/www.senioren-hamburger-energieunternehmen.de\/index.php?rest_route=\/wp\/v2\/pages"}],"about":[{"href":"https:\/\/www.senioren-hamburger-energieunternehmen.de\/index.php?rest_route=\/wp\/v2\/types\/page"}],"author":[{"embeddable":true,"href":"https:\/\/www.senioren-hamburger-energieunternehmen.de\/index.php?rest_route=\/wp\/v2\/users\/1"}],"replies":[{"embeddable":true,"href":"https:\/\/www.senioren-hamburger-energieunternehmen.de\/index.php?rest_route=%2Fwp%2Fv2%2Fcomments&post=115"}],"version-history":[{"count":56,"href":"https:\/\/www.senioren-hamburger-energieunternehmen.de\/index.php?rest_route=\/wp\/v2\/pages\/115\/revisions"}],"predecessor-version":[{"id":2980,"href":"https:\/\/www.senioren-hamburger-energieunternehmen.de\/index.php?rest_route=\/wp\/v2\/pages\/115\/revisions\/2980"}],"wp:attachment":[{"href":"https:\/\/www.senioren-hamburger-energieunternehmen.de\/index.php?rest_route=%2Fwp%2Fv2%2Fmedia&parent=115"}],"curies":[{"name":"wp","href":"https:\/\/api.w.org\/{rel}","templated":true}]}}